{"id":365,"date":"2019-11-29T14:22:15","date_gmt":"2019-11-29T13:22:15","guid":{"rendered":"http:\/\/quertus.fr\/?page_id=365"},"modified":"2019-12-06T09:26:55","modified_gmt":"2019-12-06T08:26:55","slug":"mentions-legales","status":"publish","type":"page","link":"https:\/\/quertus.fr\/index.php\/mentions-legales\/","title":{"rendered":"Mentions L\u00e9gales"},"content":{"rendered":"\t\t<div data-elementor-type=\"wp-page\" data-elementor-id=\"365\" class=\"elementor elementor-365\">\n\t\t\t\t\t\t<div class=\"elementor-inner\">\n\t\t\t\t<div class=\"elementor-section-wrap\">\n\t\t\t\t\t\t\t\t\t<section class=\"elementor-section elementor-top-section elementor-element elementor-element-512ead70 elementor-section-boxed elementor-section-height-default elementor-section-height-default\" data-id=\"512ead70\" data-element_type=\"section\">\n\t\t\t\t\t\t<div class=\"elementor-container elementor-column-gap-default\">\n\t\t\t\t\t\t\t<div class=\"elementor-row\">\n\t\t\t\t\t<div class=\"elementor-column elementor-col-100 elementor-top-column elementor-element elementor-element-42183a75\" data-id=\"42183a75\" data-element_type=\"column\">\n\t\t\t<div class=\"elementor-column-wrap elementor-element-populated\">\n\t\t\t\t\t\t\t<div class=\"elementor-widget-wrap\">\n\t\t\t\t\t\t<div class=\"elementor-element elementor-element-56089dd0 elementor-widget elementor-widget-text-editor\" data-id=\"56089dd0\" data-element_type=\"widget\" data-widget_type=\"text-editor.default\">\n\t\t\t\t<div class=\"elementor-widget-container\">\n\t\t\t\t\t\t\t\t<div class=\"elementor-text-editor elementor-clearfix\">\n\t\t\t\t<!-- wp:themeisle-blocks\/advanced-columns {\"id\":\"wp-block-themeisle-blocks-advanced-columns-98a144bc\"} -->\n<div class=\"wp-block-themeisle-blocks-advanced-columns has-undefined-columns has-desktop-undefined-layout has-tablet-equal-layout has-mobile-equal-layout has-default-gap has-vertical-unset\" id=\"wp-block-themeisle-blocks-advanced-columns-98a144bc\" style=\"border-width:0px;border-style:solid;border-color:#000000;border-radius:0px;justify-content:unset\"><div class=\"wp-themeisle-block-overlay\" style=\"opacity:0.5;mix-blend-mode:normal\"><\/div><div class=\"innerblocks-wrap\"><\/div><\/div>\n<!-- \/wp:themeisle-blocks\/advanced-columns -->\t\t\t\t\t<\/div>\n\t\t\t\t\t\t<\/div>\n\t\t\t\t<\/div>\n\t\t\t\t\t\t<\/div>\n\t\t\t\t\t<\/div>\n\t\t<\/div>\n\t\t\t\t\t\t\t\t<\/div>\n\t\t\t\t\t<\/div>\n\t\t<\/section>\n\t\t\t\t<section class=\"elementor-section elementor-top-section elementor-element elementor-element-5518f3e elementor-section-boxed elementor-section-height-default elementor-section-height-default\" data-id=\"5518f3e\" data-element_type=\"section\">\n\t\t\t\t\t\t<div class=\"elementor-container elementor-column-gap-default\">\n\t\t\t\t\t\t\t<div class=\"elementor-row\">\n\t\t\t\t\t<div class=\"elementor-column elementor-col-100 elementor-top-column elementor-element elementor-element-6557048\" data-id=\"6557048\" data-element_type=\"column\">\n\t\t\t<div class=\"elementor-column-wrap elementor-element-populated\">\n\t\t\t\t\t\t\t<div class=\"elementor-widget-wrap\">\n\t\t\t\t\t\t<div class=\"elementor-element elementor-element-0e7d871 elementor-widget elementor-widget-heading\" data-id=\"0e7d871\" data-element_type=\"widget\" data-widget_type=\"heading.default\">\n\t\t\t\t<div class=\"elementor-widget-container\">\n\t\t\t<h2 class=\"elementor-heading-title elementor-size-default\">Mentions L\u00e9gales <\/h2>\t\t<\/div>\n\t\t\t\t<\/div>\n\t\t\t\t\t\t<\/div>\n\t\t\t\t\t<\/div>\n\t\t<\/div>\n\t\t\t\t\t\t\t\t<\/div>\n\t\t\t\t\t<\/div>\n\t\t<\/section>\n\t\t\t\t<section class=\"elementor-section elementor-top-section elementor-element elementor-element-85ea743 elementor-section-boxed elementor-section-height-default elementor-section-height-default\" data-id=\"85ea743\" data-element_type=\"section\">\n\t\t\t\t\t\t<div class=\"elementor-container elementor-column-gap-default\">\n\t\t\t\t\t\t\t<div class=\"elementor-row\">\n\t\t\t\t\t<div class=\"elementor-column elementor-col-100 elementor-top-column elementor-element elementor-element-090c82f\" data-id=\"090c82f\" data-element_type=\"column\">\n\t\t\t<div class=\"elementor-column-wrap elementor-element-populated\">\n\t\t\t\t\t\t\t<div class=\"elementor-widget-wrap\">\n\t\t\t\t\t\t<div class=\"elementor-element elementor-element-8e67d42 elementor-widget elementor-widget-text-editor\" data-id=\"8e67d42\" data-element_type=\"widget\" data-widget_type=\"text-editor.default\">\n\t\t\t\t<div class=\"elementor-widget-container\">\n\t\t\t\t\t\t\t\t<div class=\"elementor-text-editor elementor-clearfix\">\n\t\t\t\t<h5>Directeur de publication : S\u00e9bastien Kurtz<br \/>\u00c9diteur : Quertus<br \/>10 rue de Penthi\u00e8vre 75008 PARIS<br \/>T\u00e9l. : +33 608 706 954<br \/>RCS Paris 840 933 337 00023<br \/>Cr\u00e9ation site internet par\u00a0<a href=\"http:\/\/www.mk9productions.com\" target=\"_blank\" rel=\"noopener\">Mk9 Productions<\/a><br \/>H\u00e9bergement web par OVH SAS<br \/>au capital de 10 069 020 \u20ac<br \/>RCS Lille M\u00e9tropole<br \/>424 761 419 00045<br \/>Code APE 2620Z<br \/>N\u00b0 TVA : FR 22 424 761 419<br \/>Si\u00e8ge social : 2 rue Kellermann \u2013 59100 Roubaix \u2013 France<\/h5>\n<h3>Informatique et libert\u00e9<\/h3>\n<h5>Quertus garantit la stricte application des lois et r\u00e8glements en vigueur, s\u2019engage \u00e0 respecter les l\u00e9gislations fran\u00e7aises et europ\u00e9ennes sur la protection des donn\u00e9es \u00e0 caract\u00e8re personnel et assure un niveau de protection suffisant des traitements op\u00e9r\u00e9s pour garantir le respect de la vie priv\u00e9e et des libert\u00e9s et droits fondamentaux des personnes.<\/h5>\n<h3>Droits d\u2019auteur<\/h3>\n<h5>Ce site est destin\u00e9 \u00e0 votre information.<\/h5>\n<h5>Vous disposez d\u2019un droit d\u2019utilisation, \u00e0 des fins exclusivement personnelles et non commerciales, des informations qui y sont contenues.<br \/>L\u2019ensemble de ce site rel\u00e8ve de la l\u00e9gislation fran\u00e7aise et internationale sur le droit d\u2019auteur et la propri\u00e9t\u00e9 intellectuelle.<\/h5>\n<h5>Tous les droits de reproduction sont r\u00e9serv\u00e9s, y compris pour les documents t\u00e9l\u00e9chargeables et les repr\u00e9sentations iconographiques et photographiques. Vous n\u2019\u00eates donc pas autoris\u00e9 \u00e0 modifier, distribuer, transmettre, diffuser, repr\u00e9senter, reproduire, publier, transf\u00e9rer ou vendre tout ou une partie de ce site ou toutes listes de liens obtenues \u00e0 partir de ce site, ni \u00e0 cr\u00e9er des \u0153uvres d\u00e9riv\u00e9es de ces documents ou listes de liens, sauf accord particulier et pr\u00e9alable conclu avec Quertus. Tout lien avec le pr\u00e9sent site doit faire l\u2019objet d\u2019un accord pr\u00e9alable du webmaster.<\/h5>\n<h3>Photographies \/ Illustrations<\/h3>\n<h5>Les visuels utilis\u00e9s dans ce site font l\u2019objet de droits r\u00e9serv\u00e9s. Ils ne peuvent pas \u00eatre r\u00e9utilis\u00e9s sans l\u2019autorisation pr\u00e9alable de leur auteur.<\/h5>\n<h3>Protection des donn\u00e9es personnelles<\/h3>\n<h5>Les informations susceptibles d\u2019\u00eatre collect\u00e9es sur le site\u00a0<a href=\"http:\/\/quertus.fr\" target=\"_blank\" rel=\"noopener\">www.quertus.fr<\/a>\u00a0sont exclusivement destin\u00e9es au traitement de votre demande.<\/h5>\n<h3>Absence de garantie<\/h3>\n<h5>Nous nous effor\u00e7ons de vous offrir sur ce site une information fiable et actualis\u00e9e. Malgr\u00e9 tout le soin que nous y apportons des erreurs, omissions ou modifications n\u2019\u00e9tant pas de notre fait peuvent survenir. Nous ferons au mieux pour corriger les erreurs qui nous seront signal\u00e9es. Les informations contenues dans ce site sont destin\u00e9es \u00e0 apporter des indications g\u00e9n\u00e9rales sur les sujets trait\u00e9s. Nous ne pouvons en aucun cas \u00eatre tenus responsables de l\u2019utilisation et de l\u2019interpr\u00e9tation de ces informations.<\/h5>\t\t\t\t\t<\/div>\n\t\t\t\t\t\t<\/div>\n\t\t\t\t<\/div>\n\t\t\t\t\t\t<\/div>\n\t\t\t\t\t<\/div>\n\t\t<\/div>\n\t\t\t\t\t\t\t\t<\/div>\n\t\t\t\t\t<\/div>\n\t\t<\/section>\n\t\t\t\t\t\t\t\t\t<\/div>\n\t\t\t<\/div>\n\t\t\t\t\t<\/div>\n\t\t","protected":false},"excerpt":{"rendered":"<p>Mentions L\u00e9gales Directeur de publication : S\u00e9bastien Kurtz\u00c9diteur : Quertus10 rue de Penthi\u00e8vre 75008 PARIST\u00e9l. : +33 608 706 954RCS Paris 840 933 337 00023Cr\u00e9ation site internet par&nbsp;Mk9 ProductionsH\u00e9bergement web par OVH SASau capital de 10 069 020 \u20acRCS Lille<\/p>\n","protected":false},"author":2,"featured_media":0,"parent":0,"menu_order":2,"comment_status":"closed","ping_status":"closed","template":"","meta":[],"_links":{"self":[{"href":"https:\/\/quertus.fr\/index.php\/wp-json\/wp\/v2\/pages\/365"}],"collection":[{"href":"https:\/\/quertus.fr\/index.php\/wp-json\/wp\/v2\/pages"}],"about":[{"href":"https:\/\/quertus.fr\/index.php\/wp-json\/wp\/v2\/types\/page"}],"author":[{"embeddable":true,"href":"https:\/\/quertus.fr\/index.php\/wp-json\/wp\/v2\/users\/2"}],"replies":[{"embeddable":true,"href":"https:\/\/quertus.fr\/index.php\/wp-json\/wp\/v2\/comments?post=365"}],"version-history":[{"count":8,"href":"https:\/\/quertus.fr\/index.php\/wp-json\/wp\/v2\/pages\/365\/revisions"}],"predecessor-version":[{"id":450,"href":"https:\/\/quertus.fr\/index.php\/wp-json\/wp\/v2\/pages\/365\/revisions\/450"}],"wp:attachment":[{"href":"https:\/\/quertus.fr\/index.php\/wp-json\/wp\/v2\/media?parent=365"}],"curies":[{"name":"wp","href":"https:\/\/api.w.org\/{rel}","templated":true}]}}